{"id":2875,"date":"2016-03-22T12:58:34","date_gmt":"2016-03-22T12:58:34","guid":{"rendered":"http:\/\/madridexpert.com\/es\/madrid-valencia-tour\/"},"modified":"2017-03-19T19:16:34","modified_gmt":"2017-03-19T19:16:34","slug":"valencia-tours-visitas-guiadas-city-tour-excursiones","status":"publish","type":"page","link":"https:\/\/madridexpert.com\/es\/valencia-tours-visitas-guiadas-city-tour-excursiones\/","title":{"rendered":"Madrid-Valencia"},"content":{"rendered":"","protected":false},"excerpt":{"rendered":"","protected":false},"author":1,"featured_media":0,"parent":0,"menu_order":0,"comment_status":"closed","ping_status":"closed","template":"template-tour.php","meta":{"_acf_changed":false,"footnotes":""},"class_list":["post-2875","page","type-page","status-publish","hentry"],"acf":[],"yoast_head":"<!-- This site is optimized with the Yoast SEO plugin v24.6 - https:\/\/yoast.com\/wordpress\/plugins\/seo\/ -->\n<title>Valencia tours, visitas guiadas. City tour excursiones<\/title>\n<meta name=\"description\" content=\"Valencia tours, visitas guiadas. City tour, las mejores excursiones que podr\u00e1s hacer en la ciudad de Valencia. Contacta con nosotros para m\u00e1s informaci\u00f3n\" \/>\n<meta name=\"robots\" content=\"index, follow, max-snippet:-1, max-image-preview:large, max-video-preview:-1\" \/>\n<link rel=\"canonical\" href=\"https:\/\/madridexpert.com\/es\/valencia-tours-visitas-guiadas-city-tour-excursiones\/\" \/>\n<meta property=\"og:locale\" content=\"es_ES\" \/>\n<meta property=\"og:type\" content=\"article\" \/>\n<meta property=\"og:title\" content=\"Valencia tours, visitas guiadas. City tour excursiones\" \/>\n<meta property=\"og:description\" content=\"Valencia tours, visitas guiadas. City tour, las mejores excursiones que podr\u00e1s hacer en la ciudad de Valencia. Contacta con nosotros para m\u00e1s informaci\u00f3n\" \/>\n<meta property=\"og:url\" content=\"https:\/\/madridexpert.com\/es\/valencia-tours-visitas-guiadas-city-tour-excursiones\/\" \/>\n<meta property=\"article:modified_time\" content=\"2017-03-19T19:16:34+00:00\" \/>\n<script type=\"application\/ld+json\" class=\"yoast-schema-graph\">{\"@context\":\"https:\/\/schema.org\",\"@graph\":[{\"@type\":\"WebPage\",\"@id\":\"https:\/\/madridexpert.com\/es\/valencia-tours-visitas-guiadas-city-tour-excursiones\/\",\"url\":\"https:\/\/madridexpert.com\/es\/valencia-tours-visitas-guiadas-city-tour-excursiones\/\",\"name\":\"Valencia tours, visitas guiadas. City tour excursiones\",\"isPartOf\":{\"@id\":\"https:\/\/madridexpert.com\/es\/#website\"},\"datePublished\":\"2016-03-22T12:58:34+00:00\",\"dateModified\":\"2017-03-19T19:16:34+00:00\",\"description\":\"Valencia tours, visitas guiadas. City tour, las mejores excursiones que podr\u00e1s hacer en la ciudad de Valencia. Contacta con nosotros para m\u00e1s informaci\u00f3n\",\"breadcrumb\":{\"@id\":\"https:\/\/madridexpert.com\/es\/valencia-tours-visitas-guiadas-city-tour-excursiones\/#breadcrumb\"},\"inLanguage\":\"es\",\"potentialAction\":[{\"@type\":\"ReadAction\",\"target\":[\"https:\/\/madridexpert.com\/es\/valencia-tours-visitas-guiadas-city-tour-excursiones\/\"]}]},{\"@type\":\"BreadcrumbList\",\"@id\":\"https:\/\/madridexpert.com\/es\/valencia-tours-visitas-guiadas-city-tour-excursiones\/#breadcrumb\",\"itemListElement\":[{\"@type\":\"ListItem\",\"position\":1,\"name\":\"Home\",\"item\":\"https:\/\/madridexpert.com\/es\/\"},{\"@type\":\"ListItem\",\"position\":2,\"name\":\"Madrid-Valencia\"}]},{\"@type\":\"WebSite\",\"@id\":\"https:\/\/madridexpert.com\/es\/#website\",\"url\":\"https:\/\/madridexpert.com\/es\/\",\"name\":\"\",\"description\":\"Unique Private Tours\",\"potentialAction\":[{\"@type\":\"SearchAction\",\"target\":{\"@type\":\"EntryPoint\",\"urlTemplate\":\"https:\/\/madridexpert.com\/es\/?s={search_term_string}\"},\"query-input\":{\"@type\":\"PropertyValueSpecification\",\"valueRequired\":true,\"valueName\":\"search_term_string\"}}],\"inLanguage\":\"es\"}]}<\/script>\n<!-- \/ Yoast SEO plugin. -->","yoast_head_json":{"title":"Valencia tours, visitas guiadas. City tour excursiones","description":"Valencia tours, visitas guiadas. City tour, las mejores excursiones que podr\u00e1s hacer en la ciudad de Valencia. Contacta con nosotros para m\u00e1s informaci\u00f3n","robots":{"index":"index","follow":"follow","max-snippet":"max-snippet:-1","max-image-preview":"max-image-preview:large","max-video-preview":"max-video-preview:-1"},"canonical":"https:\/\/madridexpert.com\/es\/valencia-tours-visitas-guiadas-city-tour-excursiones\/","og_locale":"es_ES","og_type":"article","og_title":"Valencia tours, visitas guiadas. City tour excursiones","og_description":"Valencia tours, visitas guiadas. City tour, las mejores excursiones que podr\u00e1s hacer en la ciudad de Valencia. Contacta con nosotros para m\u00e1s informaci\u00f3n","og_url":"https:\/\/madridexpert.com\/es\/valencia-tours-visitas-guiadas-city-tour-excursiones\/","article_modified_time":"2017-03-19T19:16:34+00:00","schema":{"@context":"https:\/\/schema.org","@graph":[{"@type":"WebPage","@id":"https:\/\/madridexpert.com\/es\/valencia-tours-visitas-guiadas-city-tour-excursiones\/","url":"https:\/\/madridexpert.com\/es\/valencia-tours-visitas-guiadas-city-tour-excursiones\/","name":"Valencia tours, visitas guiadas. City tour excursiones","isPartOf":{"@id":"https:\/\/madridexpert.com\/es\/#website"},"datePublished":"2016-03-22T12:58:34+00:00","dateModified":"2017-03-19T19:16:34+00:00","description":"Valencia tours, visitas guiadas. City tour, las mejores excursiones que podr\u00e1s hacer en la ciudad de Valencia. Contacta con nosotros para m\u00e1s informaci\u00f3n","breadcrumb":{"@id":"https:\/\/madridexpert.com\/es\/valencia-tours-visitas-guiadas-city-tour-excursiones\/#breadcrumb"},"inLanguage":"es","potentialAction":[{"@type":"ReadAction","target":["https:\/\/madridexpert.com\/es\/valencia-tours-visitas-guiadas-city-tour-excursiones\/"]}]},{"@type":"BreadcrumbList","@id":"https:\/\/madridexpert.com\/es\/valencia-tours-visitas-guiadas-city-tour-excursiones\/#breadcrumb","itemListElement":[{"@type":"ListItem","position":1,"name":"Home","item":"https:\/\/madridexpert.com\/es\/"},{"@type":"ListItem","position":2,"name":"Madrid-Valencia"}]},{"@type":"WebSite","@id":"https:\/\/madridexpert.com\/es\/#website","url":"https:\/\/madridexpert.com\/es\/","name":"","description":"Unique Private Tours","potentialAction":[{"@type":"SearchAction","target":{"@type":"EntryPoint","urlTemplate":"https:\/\/madridexpert.com\/es\/?s={search_term_string}"},"query-input":{"@type":"PropertyValueSpecification","valueRequired":true,"valueName":"search_term_string"}}],"inLanguage":"es"}]}},"_links":{"self":[{"href":"https:\/\/madridexpert.com\/es\/wp-json\/wp\/v2\/pages\/2875","targetHints":{"allow":["GET"]}}],"collection":[{"href":"https:\/\/madridexpert.com\/es\/wp-json\/wp\/v2\/pages"}],"about":[{"href":"https:\/\/madridexpert.com\/es\/wp-json\/wp\/v2\/types\/page"}],"author":[{"embeddable":true,"href":"https:\/\/madridexpert.com\/es\/wp-json\/wp\/v2\/users\/1"}],"replies":[{"embeddable":true,"href":"https:\/\/madridexpert.com\/es\/wp-json\/wp\/v2\/comments?post=2875"}],"version-history":[{"count":1,"href":"https:\/\/madridexpert.com\/es\/wp-json\/wp\/v2\/pages\/2875\/revisions"}],"predecessor-version":[{"id":2876,"href":"https:\/\/madridexpert.com\/es\/wp-json\/wp\/v2\/pages\/2875\/revisions\/2876"}],"wp:attachment":[{"href":"https:\/\/madridexpert.com\/es\/wp-json\/wp\/v2\/media?parent=2875"}],"curies":[{"name":"wp","href":"https:\/\/api.w.org\/{rel}","templated":true}]}}