{"id":2832,"date":"2016-03-22T16:08:56","date_gmt":"2016-03-22T16:08:56","guid":{"rendered":"http:\/\/madridexpert.com\/es\/flamenco-madrid\/"},"modified":"2017-03-28T17:07:34","modified_gmt":"2017-03-28T17:07:34","slug":"espectaculo-flamenco-madrid-restaurante-show-guia","status":"publish","type":"page","link":"https:\/\/madridexpert.com\/es\/espectaculo-flamenco-madrid-restaurante-show-guia\/","title":{"rendered":"Visita nocturna de Madrid+Flamenco+vino"},"content":{"rendered":"","protected":false},"excerpt":{"rendered":"","protected":false},"author":1,"featured_media":0,"parent":0,"menu_order":0,"comment_status":"closed","ping_status":"closed","template":"template-tour.php","meta":{"_acf_changed":false,"footnotes":""},"class_list":["post-2832","page","type-page","status-publish","hentry"],"acf":[],"yoast_head":"<!-- This site is optimized with the Yoast SEO plugin v24.6 - https:\/\/yoast.com\/wordpress\/plugins\/seo\/ -->\n<title>Espect\u00e1culo de flamenco Madrid. Restaurante con show. Guia<\/title>\n<meta name=\"description\" content=\"Espect\u00e1culo de flamenco en Madrid, restaurante con show con el mejor gu\u00eda. Emp\u00e1pate de la cultura Espa\u00f1ola con la mejor m\u00fasica y baile flamenco. Online\" \/>\n<meta name=\"robots\" content=\"index, follow, max-snippet:-1, max-image-preview:large, max-video-preview:-1\" \/>\n<link rel=\"canonical\" href=\"https:\/\/madridexpert.com\/es\/espectaculo-flamenco-madrid-restaurante-show-guia\/\" \/>\n<meta property=\"og:locale\" content=\"es_ES\" \/>\n<meta property=\"og:type\" content=\"article\" \/>\n<meta property=\"og:title\" content=\"Espect\u00e1culo de flamenco Madrid. Restaurante con show. Guia\" \/>\n<meta property=\"og:description\" content=\"Espect\u00e1culo de flamenco en Madrid, restaurante con show con el mejor gu\u00eda. Emp\u00e1pate de la cultura Espa\u00f1ola con la mejor m\u00fasica y baile flamenco. Online\" \/>\n<meta property=\"og:url\" content=\"https:\/\/madridexpert.com\/es\/espectaculo-flamenco-madrid-restaurante-show-guia\/\" \/>\n<meta property=\"article:modified_time\" content=\"2017-03-28T17:07:34+00:00\" \/>\n<script type=\"application\/ld+json\" class=\"yoast-schema-graph\">{\"@context\":\"https:\/\/schema.org\",\"@graph\":[{\"@type\":\"WebPage\",\"@id\":\"https:\/\/madridexpert.com\/es\/espectaculo-flamenco-madrid-restaurante-show-guia\/\",\"url\":\"https:\/\/madridexpert.com\/es\/espectaculo-flamenco-madrid-restaurante-show-guia\/\",\"name\":\"Espect\u00e1culo de flamenco Madrid. Restaurante con show. Guia\",\"isPartOf\":{\"@id\":\"https:\/\/madridexpert.com\/es\/#website\"},\"datePublished\":\"2016-03-22T16:08:56+00:00\",\"dateModified\":\"2017-03-28T17:07:34+00:00\",\"description\":\"Espect\u00e1culo de flamenco en Madrid, restaurante con show con el mejor gu\u00eda. Emp\u00e1pate de la cultura Espa\u00f1ola con la mejor m\u00fasica y baile flamenco. Online\",\"breadcrumb\":{\"@id\":\"https:\/\/madridexpert.com\/es\/espectaculo-flamenco-madrid-restaurante-show-guia\/#breadcrumb\"},\"inLanguage\":\"es\",\"potentialAction\":[{\"@type\":\"ReadAction\",\"target\":[\"https:\/\/madridexpert.com\/es\/espectaculo-flamenco-madrid-restaurante-show-guia\/\"]}]},{\"@type\":\"BreadcrumbList\",\"@id\":\"https:\/\/madridexpert.com\/es\/espectaculo-flamenco-madrid-restaurante-show-guia\/#breadcrumb\",\"itemListElement\":[{\"@type\":\"ListItem\",\"position\":1,\"name\":\"Home\",\"item\":\"https:\/\/madridexpert.com\/es\/\"},{\"@type\":\"ListItem\",\"position\":2,\"name\":\"Visita nocturna de Madrid+Flamenco+vino\"}]},{\"@type\":\"WebSite\",\"@id\":\"https:\/\/madridexpert.com\/es\/#website\",\"url\":\"https:\/\/madridexpert.com\/es\/\",\"name\":\"\",\"description\":\"Unique Private Tours\",\"potentialAction\":[{\"@type\":\"SearchAction\",\"target\":{\"@type\":\"EntryPoint\",\"urlTemplate\":\"https:\/\/madridexpert.com\/es\/?s={search_term_string}\"},\"query-input\":{\"@type\":\"PropertyValueSpecification\",\"valueRequired\":true,\"valueName\":\"search_term_string\"}}],\"inLanguage\":\"es\"}]}<\/script>\n<!-- \/ Yoast SEO plugin. -->","yoast_head_json":{"title":"Espect\u00e1culo de flamenco Madrid. Restaurante con show. Guia","description":"Espect\u00e1culo de flamenco en Madrid, restaurante con show con el mejor gu\u00eda. Emp\u00e1pate de la cultura Espa\u00f1ola con la mejor m\u00fasica y baile flamenco. Online","robots":{"index":"index","follow":"follow","max-snippet":"max-snippet:-1","max-image-preview":"max-image-preview:large","max-video-preview":"max-video-preview:-1"},"canonical":"https:\/\/madridexpert.com\/es\/espectaculo-flamenco-madrid-restaurante-show-guia\/","og_locale":"es_ES","og_type":"article","og_title":"Espect\u00e1culo de flamenco Madrid. Restaurante con show. Guia","og_description":"Espect\u00e1culo de flamenco en Madrid, restaurante con show con el mejor gu\u00eda. Emp\u00e1pate de la cultura Espa\u00f1ola con la mejor m\u00fasica y baile flamenco. Online","og_url":"https:\/\/madridexpert.com\/es\/espectaculo-flamenco-madrid-restaurante-show-guia\/","article_modified_time":"2017-03-28T17:07:34+00:00","schema":{"@context":"https:\/\/schema.org","@graph":[{"@type":"WebPage","@id":"https:\/\/madridexpert.com\/es\/espectaculo-flamenco-madrid-restaurante-show-guia\/","url":"https:\/\/madridexpert.com\/es\/espectaculo-flamenco-madrid-restaurante-show-guia\/","name":"Espect\u00e1culo de flamenco Madrid. Restaurante con show. Guia","isPartOf":{"@id":"https:\/\/madridexpert.com\/es\/#website"},"datePublished":"2016-03-22T16:08:56+00:00","dateModified":"2017-03-28T17:07:34+00:00","description":"Espect\u00e1culo de flamenco en Madrid, restaurante con show con el mejor gu\u00eda. Emp\u00e1pate de la cultura Espa\u00f1ola con la mejor m\u00fasica y baile flamenco. Online","breadcrumb":{"@id":"https:\/\/madridexpert.com\/es\/espectaculo-flamenco-madrid-restaurante-show-guia\/#breadcrumb"},"inLanguage":"es","potentialAction":[{"@type":"ReadAction","target":["https:\/\/madridexpert.com\/es\/espectaculo-flamenco-madrid-restaurante-show-guia\/"]}]},{"@type":"BreadcrumbList","@id":"https:\/\/madridexpert.com\/es\/espectaculo-flamenco-madrid-restaurante-show-guia\/#breadcrumb","itemListElement":[{"@type":"ListItem","position":1,"name":"Home","item":"https:\/\/madridexpert.com\/es\/"},{"@type":"ListItem","position":2,"name":"Visita nocturna de Madrid+Flamenco+vino"}]},{"@type":"WebSite","@id":"https:\/\/madridexpert.com\/es\/#website","url":"https:\/\/madridexpert.com\/es\/","name":"","description":"Unique Private Tours","potentialAction":[{"@type":"SearchAction","target":{"@type":"EntryPoint","urlTemplate":"https:\/\/madridexpert.com\/es\/?s={search_term_string}"},"query-input":{"@type":"PropertyValueSpecification","valueRequired":true,"valueName":"search_term_string"}}],"inLanguage":"es"}]}},"_links":{"self":[{"href":"https:\/\/madridexpert.com\/es\/wp-json\/wp\/v2\/pages\/2832","targetHints":{"allow":["GET"]}}],"collection":[{"href":"https:\/\/madridexpert.com\/es\/wp-json\/wp\/v2\/pages"}],"about":[{"href":"https:\/\/madridexpert.com\/es\/wp-json\/wp\/v2\/types\/page"}],"author":[{"embeddable":true,"href":"https:\/\/madridexpert.com\/es\/wp-json\/wp\/v2\/users\/1"}],"replies":[{"embeddable":true,"href":"https:\/\/madridexpert.com\/es\/wp-json\/wp\/v2\/comments?post=2832"}],"version-history":[{"count":3,"href":"https:\/\/madridexpert.com\/es\/wp-json\/wp\/v2\/pages\/2832\/revisions"}],"predecessor-version":[{"id":4525,"href":"https:\/\/madridexpert.com\/es\/wp-json\/wp\/v2\/pages\/2832\/revisions\/4525"}],"wp:attachment":[{"href":"https:\/\/madridexpert.com\/es\/wp-json\/wp\/v2\/media?parent=2832"}],"curies":[{"name":"wp","href":"https:\/\/api.w.org\/{rel}","templated":true}]}}